{"id":290,"date":"2024-06-21T16:29:01","date_gmt":"2024-06-21T16:29:01","guid":{"rendered":"https:\/\/rehabilitemoscastellon.es\/?page_id=290"},"modified":"2024-07-03T12:47:52","modified_gmt":"2024-07-03T12:47:52","slug":"politica-de-cookies-2","status":"publish","type":"page","link":"https:\/\/rehabilitemoscastellon.es\/index.php\/ca\/politica-de-cookies-2\/","title":{"rendered":"Pol\u00edtica de Cookies"},"content":{"rendered":"\n<p><strong>Qu\u00e8 s\u00f3n les Cookies?<\/strong>&nbsp;<\/p>\n\n\n\n<p>Una cookie \u00e9s un arxiu o dispositiu que es descarrega en l&#8217;equip terminal d&#8217;un usuari amb la finalitat d&#8217;emmagatzemar dades que podran ser actualitzats i recuperats per l&#8217;entitat responsable de la seua instal\u00b7laci\u00f3. \u00c9s a dir, \u00e9s un fitxer que es descarrega en el seu ordinador en accedir a determinades p\u00e0gines web. Les cookies permeten a una p\u00e0gina web, entre altres coses, emmagatzemar i recuperar informaci\u00f3 sobre els h\u00e0bits de navegaci\u00f3 d&#8217;un usuari o del seu equip i, depenent de la informaci\u00f3 que continguen i de la forma en qu\u00e8 utilitze el seu equip, poden utilitzar-se per a recon\u00e9ixer a l&#8217;usuari.&nbsp;<\/p>\n\n\n\n<p><strong>Tipologia de Cookies<\/strong>&nbsp;<\/p>\n\n\n\n<p>Existeixen diferents tipus de cookies en funci\u00f3, sobretot, de la naturalesa d&#8217;aquestes, aix\u00ed es classifiquen per a t\u00edtol orientatiu, entre altres, les seg\u00fcents:&nbsp;<\/p>\n\n\n\n<p><strong>Segons el termini de temps:&nbsp;<\/strong>&nbsp;<\/p>\n\n\n\n<ul class=\"wp-block-list\">\n<li>Cookies de sessi\u00f3: s\u00f3n aquelles dissenyades per a recaptar i emmagatzemar dades mentre l&#8217;usuari accedeix a una p\u00e0gina web. Se solen emprar per a emmagatzemar informaci\u00f3 que nom\u00e9s interessa conservar per a la prestaci\u00f3 del servei sol\u00b7licitat per l&#8217;usuari en una sola ocasi\u00f3 (per exemple, una llista de productes adquirits) i desapareixen en acabar la sessi\u00f3.\u00a0<\/li>\n<\/ul>\n\n\n\n<ul class=\"wp-block-list\">\n<li>Cookies persistents: s\u00f3n aquelles en les quals les dades segueixen emmagatzemats en el terminal i poden ser accedits i tractats durant un per\u00edode definit pel responsable de la *cookie, i que pot anar d&#8217;uns minuts a diversos anys.\u00a0<\/li>\n<\/ul>\n\n\n\n<p><strong>Segons la seua finalitat:<\/strong>&nbsp;<\/p>\n\n\n\n<ul class=\"wp-block-list\">\n<li>Cookies t\u00e8cniques: s\u00f3n aquelles que permeten a l&#8217;usuari la navegaci\u00f3 a trav\u00e9s d&#8217;una p\u00e0gina web, plataforma o aplicaci\u00f3 i la utilitzaci\u00f3 de les diferents opcions o serveis que en ella existisquen, incloent aquelles que l&#8217;editor utilitza per a permetre la gesti\u00f3 i operativa de la p\u00e0gina web i habilitar les seues funcions i serveis (com per exemple, controlar el tr\u00e0nsit i la comunicaci\u00f3 de dades, identificar la sessi\u00f3, accedir a parts d&#8217;acc\u00e9s restringit i finalitats similars de naturalesa t\u00e8cnica).\u00a0<\/li>\n<\/ul>\n\n\n\n<ul class=\"wp-block-list\">\n<li>Cookies de personalitzaci\u00f3: s\u00f3n aquelles que permeten recordar informaci\u00f3 perqu\u00e8 l&#8217;usuari accedisca al servei amb determinades caracter\u00edstiques que poden diferenciar la seua experi\u00e8ncia de la d&#8217;altres usuaris, com, per exemple, l&#8217;idioma, el nombre de resultats a mostrar quan l&#8217;usuari realitza una cerca, l&#8217;aspecte o contingut del servei en funci\u00f3 del tipus de navegador a trav\u00e9s del qual l&#8217;usuari accedeix al servei o de la regi\u00f3 des de la qual accedeix al servei, etc.\u00a0<\/li>\n<\/ul>\n\n\n\n<ul class=\"wp-block-list\">\n<li>Cookies d&#8217;an\u00e0lisis: s\u00f3n aquelles que permeten al responsable d&#8217;aquestes el seguiment i an\u00e0lisi del comportament dels usuaris dels llocs web als quals estan vinculades, inclosa la quantificaci\u00f3 dels impactes dels anuncis. La informaci\u00f3 recollida mitjan\u00e7ant aquesta mena de cookies s&#8217;utilitza en el mesurament de l&#8217;activitat dels llocs web, aplicaci\u00f3 o plataforma, amb la finalitat d&#8217;introduir millores en funci\u00f3 de l&#8217;an\u00e0lisi de les dades d&#8217;\u00fas que fan els usuaris del servei.\u00a0<\/li>\n<\/ul>\n\n\n\n<ul class=\"wp-block-list\">\n<li>Cookies de publicitat comportamental: s\u00f3n aquelles que emmagatzemen informaci\u00f3 del comportament dels usuaris obtinguda a trav\u00e9s de l&#8217;observaci\u00f3 continuada dels seus h\u00e0bits de navegaci\u00f3, la qual cosa permet desenvolupar un perfil espec\u00edfic per a mostrar publicitat en funci\u00f3 d&#8217;aquest.\u00a0<\/li>\n<\/ul>\n\n\n\n<p><strong>Segons l&#8217;entitat que les gestiona:<\/strong>&nbsp;<\/p>\n\n\n\n<ul class=\"wp-block-list\">\n<li>Cookies pr\u00f2pies: s\u00f3n aquelles que s&#8217;envien a l&#8217;equip terminal de l&#8217;usuari des d&#8217;un equip o domini gestionat pel propi editor i des del qual es presta el servei sol\u00b7licitat per l&#8217;usuari.\u00a0<\/li>\n<\/ul>\n\n\n\n<ul class=\"wp-block-list\">\n<li>Cookies de tercer: s\u00f3n aquelles que s&#8217;envien a l&#8217;equip terminal de l&#8217;usuari des d&#8217;un equip o domini que no \u00e9s gestionant per l&#8217;editor, sin\u00f3 que per una altra entitat que tracta les dades obtingudes a trav\u00e9s de les cookies.\u00a0<\/li>\n<\/ul>\n\n\n\n<p><strong>Quin tipus de cookies utilitza aquesta p\u00e0gina web?<\/strong>&nbsp;<\/p>\n\n\n\n<p>La present p\u00e0gina web est\u00e0 utilitzant cookies que permeten facilitar a l&#8217;usuari l&#8217;\u00fas i la navegaci\u00f3 a trav\u00e9s d&#8217;aquesta, garantir l&#8217;acc\u00e9s a determinats serveis, aix\u00ed com millorar la configuraci\u00f3 funcional de la web.&nbsp;<\/p>\n\n\n\n<p>Concretament, aquesta p\u00e0gina web utilitza les seg\u00fcents cookies:&nbsp;<\/p>\n\n\n\n<figure class=\"wp-block-table\"><table><tbody><tr><td colspan=\"4\"><strong>Resumen de Cookies<\/strong>&nbsp;<\/td><\/tr><tr><td><strong>Tipus<\/strong>&nbsp;<\/td><td><strong>Nom<\/strong>&nbsp;<\/td><td><strong>De sessi\u00f3 \/ persistents<\/strong>&nbsp;<\/td><td><strong>Pr\u00f2pies \/ Terceres&nbsp;<\/strong>&nbsp;<\/td><\/tr><tr><td>An\u00e0lisis&nbsp;<\/td><td>_ga&nbsp;<\/td><td>2 ays&nbsp;<\/td><td>Pr\u00f2pia&nbsp;<\/td><\/tr><tr><td>An\u00e0lisis&nbsp;<\/td><td>_gid&nbsp;<\/td><td>1 dia&nbsp;<\/td><td>Pr\u00f2pia&nbsp;<\/td><\/tr><tr><td>An\u00e0lisis&nbsp;<\/td><td>_gat_gtag_UA&nbsp;<\/td><td>Sessi\u00f3&nbsp;<\/td><td>Pr\u00f2pia&nbsp;<\/td><\/tr><\/tbody><\/table><\/figure>\n\n\n\n<p><strong>Com gestionar la configuraci\u00f3 de les cookies?<\/strong>&nbsp;<\/p>\n\n\n\n<p>En el present apartat es duu a terme una breu exposici\u00f3 de com consultar i dur a terme la configuraci\u00f3 del sistema de cookies en relaci\u00f3 amb els navegadors m\u00e9s comuns o m\u00e9s utilitzats pels usuaris&nbsp;<\/p>\n\n\n\n<p>En aquest sentit, pr\u00e0cticament tots els navegadors permeten a l&#8217;usuari obtindre informaci\u00f3 general sobre les cookies instal\u00b7lades en una p\u00e0gina web, concretament verificar l&#8217;exist\u00e8ncia d&#8217;aquestes, la seua duraci\u00f3 o el sistema d&#8217;eliminaci\u00f3. En aquest sentit, a t\u00edtol informatiu, es faciliten una s\u00e8rie d&#8217;enlla\u00e7os relacionats:&nbsp;<\/p>\n\n\n\n<ul class=\"wp-block-list\">\n<li>Google Chrome\u00a0<\/li>\n<\/ul>\n\n\n\n<ul class=\"wp-block-list\">\n<li>Mozilla Firefox\u00a0<\/li>\n<\/ul>\n\n\n\n<ul class=\"wp-block-list\">\n<li>Internet Explorer\u00a0<\/li>\n<\/ul>\n\n\n\n<ul class=\"wp-block-list\">\n<li>Safari\u00a0<\/li>\n<\/ul>\n\n\n\n<p>D&#8217;altra banda, l&#8217;usuari podr\u00e0 permetre, bloquejar o eliminar les cookies instal\u00b7lades en el seu equip modificant la configuraci\u00f3 del seu navegador conforme a les instruccions indicades en aquest. A t\u00edtol informatiu s&#8217;indica que habitualment la configuraci\u00f3 de les cookies se sol dur a terme en el men\u00fa \u201cPrefer\u00e8ncies\u201d o \u201cEines\u201d de cada navegador, en qualsevol cas, sempre podr\u00e0 acudir a l&#8217;ajuda del seu navegador per a solucionar o solucionar els dubtes que se li generen sobre aquest tema.&nbsp;<\/p>\n\n\n\n<p>Conv\u00e9 tindre en compte que, si s&#8217;impedeix la instal\u00b7laci\u00f3 de totes les cookies, el contingut de la web, aix\u00ed com determinades funcionalitats i serveis facilitats per la mateixa poden veure&#8217;s afectats.&nbsp;<\/p>\n\n\n\n<p>Per\u00edode de conservaci\u00f3&nbsp;<\/p>\n\n\n\n<p>La conservaci\u00f3 de les dades recollides a trav\u00e9s de les cookies estar\u00e0 relacionada en funci\u00f3 de la finalitat per la qual es recapta, sense perjudici del que s&#8217;estableix legalment.&nbsp;<\/p>\n\n\n\n<p>Per a m\u00e9s informaci\u00f3 sobre el tractament de dades personals pot consultar la nostra Pol\u00edtica de Privacitat.&nbsp;&nbsp;<\/p>\n","protected":false},"excerpt":{"rendered":"<p>Qu\u00e8 s\u00f3n les Cookies?&nbsp; Una cookie \u00e9s un arxiu o dispositiu que es descarrega en l&#8217;equip terminal d&#8217;un usuari amb la finalitat d&#8217;emmagatzemar dades que podran ser actualitzats i recuperats per l&#8217;entitat responsable de la seua instal\u00b7laci\u00f3. \u00c9s a dir, \u00e9s un fitxer que es descarrega en el seu ordinador en accedir a determinades p\u00e0gines [&hellip;]<\/p>\n","protected":false},"author":1,"featured_media":0,"parent":0,"menu_order":0,"comment_status":"closed","ping_status":"closed","template":"","meta":{"_et_pb_use_builder":"off","_et_pb_old_content":"","_et_gb_content_width":"1080","footnotes":""},"class_list":["post-290","page","type-page","status-publish","hentry"],"yoast_head":"<!-- This site is optimized with the Yoast SEO plugin v22.7 - https:\/\/yoast.com\/wordpress\/plugins\/seo\/ -->\n<title>Pol\u00edtica de Cookies - Rehabilitemos Castell&oacute;n<\/title>\n<meta name=\"robots\" content=\"index, follow, max-snippet:-1, max-image-preview:large, max-video-preview:-1\" \/>\n<link rel=\"canonical\" href=\"https:\/\/rehabilitemoscastellon.es\/index.php\/ca\/politica-de-cookies-2\/\" \/>\n<meta property=\"og:locale\" content=\"es_ES\" \/>\n<meta property=\"og:type\" content=\"article\" \/>\n<meta property=\"og:title\" content=\"Pol\u00edtica de Cookies - Rehabilitemos Castell&oacute;n\" \/>\n<meta property=\"og:description\" content=\"Qu\u00e8 s\u00f3n les Cookies?&nbsp; Una cookie \u00e9s un arxiu o dispositiu que es descarrega en l&#8217;equip terminal d&#8217;un usuari amb la finalitat d&#8217;emmagatzemar dades que podran ser actualitzats i recuperats per l&#8217;entitat responsable de la seua instal\u00b7laci\u00f3. \u00c9s a dir, \u00e9s un fitxer que es descarrega en el seu ordinador en accedir a determinades p\u00e0gines [&hellip;]\" \/>\n<meta property=\"og:url\" content=\"https:\/\/rehabilitemoscastellon.es\/index.php\/ca\/politica-de-cookies-2\/\" \/>\n<meta property=\"og:site_name\" content=\"Rehabilitemos Castell&oacute;n\" \/>\n<meta property=\"article:modified_time\" content=\"2024-07-03T12:47:52+00:00\" \/>\n<meta name=\"twitter:card\" content=\"summary_large_image\" \/>\n<meta name=\"twitter:label1\" content=\"Tiempo de lectura\" \/>\n\t<meta name=\"twitter:data1\" content=\"5 minutos\" \/>\n<script type=\"application\/ld+json\" class=\"yoast-schema-graph\">{\"@context\":\"https:\/\/schema.org\",\"@graph\":[{\"@type\":\"WebPage\",\"@id\":\"https:\/\/rehabilitemoscastellon.es\/index.php\/ca\/politica-de-cookies-2\/\",\"url\":\"https:\/\/rehabilitemoscastellon.es\/index.php\/ca\/politica-de-cookies-2\/\",\"name\":\"Pol\u00edtica de Cookies - Rehabilitemos Castell&oacute;n\",\"isPartOf\":{\"@id\":\"https:\/\/rehabilitemoscastellon.es\/#website\"},\"datePublished\":\"2024-06-21T16:29:01+00:00\",\"dateModified\":\"2024-07-03T12:47:52+00:00\",\"breadcrumb\":{\"@id\":\"https:\/\/rehabilitemoscastellon.es\/index.php\/ca\/politica-de-cookies-2\/#breadcrumb\"},\"inLanguage\":\"es\",\"potentialAction\":[{\"@type\":\"ReadAction\",\"target\":[\"https:\/\/rehabilitemoscastellon.es\/index.php\/ca\/politica-de-cookies-2\/\"]}]},{\"@type\":\"BreadcrumbList\",\"@id\":\"https:\/\/rehabilitemoscastellon.es\/index.php\/ca\/politica-de-cookies-2\/#breadcrumb\",\"itemListElement\":[{\"@type\":\"ListItem\",\"position\":1,\"name\":\"Portada\",\"item\":\"https:\/\/rehabilitemoscastellon.es\/\"},{\"@type\":\"ListItem\",\"position\":2,\"name\":\"Pol\u00edtica de Cookies\"}]},{\"@type\":\"WebSite\",\"@id\":\"https:\/\/rehabilitemoscastellon.es\/#website\",\"url\":\"https:\/\/rehabilitemoscastellon.es\/\",\"name\":\"Rehabilitemos Castell\u00f3n\",\"description\":\"Mejoramos vivienda, edificios y barrios\",\"publisher\":{\"@id\":\"https:\/\/rehabilitemoscastellon.es\/#organization\"},\"potentialAction\":[{\"@type\":\"SearchAction\",\"target\":{\"@type\":\"EntryPoint\",\"urlTemplate\":\"https:\/\/rehabilitemoscastellon.es\/?s={search_term_string}\"},\"query-input\":\"required name=search_term_string\"}],\"inLanguage\":\"es\"},{\"@type\":\"Organization\",\"@id\":\"https:\/\/rehabilitemoscastellon.es\/#organization\",\"name\":\"Rehabilitemos Castell\u00f3n\",\"url\":\"https:\/\/rehabilitemoscastellon.es\/\",\"logo\":{\"@type\":\"ImageObject\",\"inLanguage\":\"es\",\"@id\":\"https:\/\/rehabilitemoscastellon.es\/#\/schema\/logo\/image\/\",\"url\":\"http:\/\/rehabilitemoscastellon.es\/wp-content\/uploads\/2024\/05\/logotipo_color.png\",\"contentUrl\":\"http:\/\/rehabilitemoscastellon.es\/wp-content\/uploads\/2024\/05\/logotipo_color.png\",\"width\":2730,\"height\":1174,\"caption\":\"Rehabilitemos Castell\u00f3n\"},\"image\":{\"@id\":\"https:\/\/rehabilitemoscastellon.es\/#\/schema\/logo\/image\/\"}}]}<\/script>\n<!-- \/ Yoast SEO plugin. -->","yoast_head_json":{"title":"Pol\u00edtica de Cookies - Rehabilitemos Castell&oacute;n","robots":{"index":"index","follow":"follow","max-snippet":"max-snippet:-1","max-image-preview":"max-image-preview:large","max-video-preview":"max-video-preview:-1"},"canonical":"https:\/\/rehabilitemoscastellon.es\/index.php\/ca\/politica-de-cookies-2\/","og_locale":"es_ES","og_type":"article","og_title":"Pol\u00edtica de Cookies - Rehabilitemos Castell&oacute;n","og_description":"Qu\u00e8 s\u00f3n les Cookies?&nbsp; Una cookie \u00e9s un arxiu o dispositiu que es descarrega en l&#8217;equip terminal d&#8217;un usuari amb la finalitat d&#8217;emmagatzemar dades que podran ser actualitzats i recuperats per l&#8217;entitat responsable de la seua instal\u00b7laci\u00f3. \u00c9s a dir, \u00e9s un fitxer que es descarrega en el seu ordinador en accedir a determinades p\u00e0gines [&hellip;]","og_url":"https:\/\/rehabilitemoscastellon.es\/index.php\/ca\/politica-de-cookies-2\/","og_site_name":"Rehabilitemos Castell&oacute;n","article_modified_time":"2024-07-03T12:47:52+00:00","twitter_card":"summary_large_image","twitter_misc":{"Tiempo de lectura":"5 minutos"},"schema":{"@context":"https:\/\/schema.org","@graph":[{"@type":"WebPage","@id":"https:\/\/rehabilitemoscastellon.es\/index.php\/ca\/politica-de-cookies-2\/","url":"https:\/\/rehabilitemoscastellon.es\/index.php\/ca\/politica-de-cookies-2\/","name":"Pol\u00edtica de Cookies - Rehabilitemos Castell&oacute;n","isPartOf":{"@id":"https:\/\/rehabilitemoscastellon.es\/#website"},"datePublished":"2024-06-21T16:29:01+00:00","dateModified":"2024-07-03T12:47:52+00:00","breadcrumb":{"@id":"https:\/\/rehabilitemoscastellon.es\/index.php\/ca\/politica-de-cookies-2\/#breadcrumb"},"inLanguage":"es","potentialAction":[{"@type":"ReadAction","target":["https:\/\/rehabilitemoscastellon.es\/index.php\/ca\/politica-de-cookies-2\/"]}]},{"@type":"BreadcrumbList","@id":"https:\/\/rehabilitemoscastellon.es\/index.php\/ca\/politica-de-cookies-2\/#breadcrumb","itemListElement":[{"@type":"ListItem","position":1,"name":"Portada","item":"https:\/\/rehabilitemoscastellon.es\/"},{"@type":"ListItem","position":2,"name":"Pol\u00edtica de Cookies"}]},{"@type":"WebSite","@id":"https:\/\/rehabilitemoscastellon.es\/#website","url":"https:\/\/rehabilitemoscastellon.es\/","name":"Rehabilitemos Castell\u00f3n","description":"Mejoramos vivienda, edificios y barrios","publisher":{"@id":"https:\/\/rehabilitemoscastellon.es\/#organization"},"potentialAction":[{"@type":"SearchAction","target":{"@type":"EntryPoint","urlTemplate":"https:\/\/rehabilitemoscastellon.es\/?s={search_term_string}"},"query-input":"required name=search_term_string"}],"inLanguage":"es"},{"@type":"Organization","@id":"https:\/\/rehabilitemoscastellon.es\/#organization","name":"Rehabilitemos Castell\u00f3n","url":"https:\/\/rehabilitemoscastellon.es\/","logo":{"@type":"ImageObject","inLanguage":"es","@id":"https:\/\/rehabilitemoscastellon.es\/#\/schema\/logo\/image\/","url":"http:\/\/rehabilitemoscastellon.es\/wp-content\/uploads\/2024\/05\/logotipo_color.png","contentUrl":"http:\/\/rehabilitemoscastellon.es\/wp-content\/uploads\/2024\/05\/logotipo_color.png","width":2730,"height":1174,"caption":"Rehabilitemos Castell\u00f3n"},"image":{"@id":"https:\/\/rehabilitemoscastellon.es\/#\/schema\/logo\/image\/"}}]}},"_links":{"self":[{"href":"https:\/\/rehabilitemoscastellon.es\/index.php\/wp-json\/wp\/v2\/pages\/290","targetHints":{"allow":["GET"]}}],"collection":[{"href":"https:\/\/rehabilitemoscastellon.es\/index.php\/wp-json\/wp\/v2\/pages"}],"about":[{"href":"https:\/\/rehabilitemoscastellon.es\/index.php\/wp-json\/wp\/v2\/types\/page"}],"author":[{"embeddable":true,"href":"https:\/\/rehabilitemoscastellon.es\/index.php\/wp-json\/wp\/v2\/users\/1"}],"replies":[{"embeddable":true,"href":"https:\/\/rehabilitemoscastellon.es\/index.php\/wp-json\/wp\/v2\/comments?post=290"}],"version-history":[{"count":2,"href":"https:\/\/rehabilitemoscastellon.es\/index.php\/wp-json\/wp\/v2\/pages\/290\/revisions"}],"predecessor-version":[{"id":317,"href":"https:\/\/rehabilitemoscastellon.es\/index.php\/wp-json\/wp\/v2\/pages\/290\/revisions\/317"}],"wp:attachment":[{"href":"https:\/\/rehabilitemoscastellon.es\/index.php\/wp-json\/wp\/v2\/media?parent=290"}],"curies":[{"name":"wp","href":"https:\/\/api.w.org\/{rel}","templated":true}]}}